{"id":576,"date":"2026-01-20T20:41:42","date_gmt":"2026-01-20T19:41:42","guid":{"rendered":"http:\/\/localhost\/websites\/festiwal_mediacji\/?page_id=576"},"modified":"2026-01-30T11:22:46","modified_gmt":"2026-01-30T10:22:46","slug":"relacja-z-poprzednich-wydarzen","status":"publish","type":"page","link":"https:\/\/festiwaladr.pl\/index.php\/relacja-z-poprzednich-wydarzen\/","title":{"rendered":"Relacja z poprzednich wydarze\u0144"},"content":{"rendered":"\t\t<div data-elementor-type=\"wp-page\" data-elementor-id=\"576\" class=\"elementor elementor-576\">\n\t\t\t\t<div class=\"elementor-element elementor-element-1bd3dde1 e-flex e-con-boxed e-con e-parent\" data-id=\"1bd3dde1\" data-element_type=\"container\" data-e-type=\"container\" data-settings=\"{&quot;background_background&quot;:&quot;gradient&quot;}\">\n\t\t\t\t\t<div class=\"e-con-inner\">\n\t\t\t\t<div class=\"elementor-element elementor-element-4c0de77e elementor-widget__width-initial elementor-widget-mobile__width-inherit elementor-invisible elementor-widget elementor-widget-heading\" data-id=\"4c0de77e\" data-element_type=\"widget\" data-e-type=\"widget\" data-settings=\"{&quot;_animation&quot;:&quot;fadeInLeft&quot;,&quot;_animation_delay&quot;:200}\" data-widget_type=\"heading.default\">\n\t\t\t\t\t<h3 class=\"elementor-heading-title elementor-size-default\">Zapoznaj si\u0119 z nasz\u0105 dzia\u0142alno\u015bci\u0105<\/h3>\t\t\t\t<\/div>\n\t\t\t\t<div class=\"elementor-element elementor-element-7ea3234f elementor-widget-divider--view-line elementor-widget elementor-widget-divider\" data-id=\"7ea3234f\" data-element_type=\"widget\" data-e-type=\"widget\" data-widget_type=\"divider.default\">\n\t\t\t\t\t\t\t<div class=\"elementor-divider\">\n\t\t\t<span class=\"elementor-divider-separator\">\n\t\t\t\t\t\t<\/span>\n\t\t<\/div>\n\t\t\t\t\t\t<\/div>\n\t\t\t\t<div class=\"elementor-element elementor-element-55d04c5c elementor-invisible elementor-widget elementor-widget-heading\" data-id=\"55d04c5c\" data-element_type=\"widget\" data-e-type=\"widget\" data-settings=\"{&quot;_animation&quot;:&quot;fadeInRight&quot;,&quot;_animation_delay&quot;:300}\" data-widget_type=\"heading.default\">\n\t\t\t\t\t<h1 class=\"elementor-heading-title elementor-size-default\">Aktualno\u015bci<\/h1>\t\t\t\t<\/div>\n\t\t\t\t\t<\/div>\n\t\t\t\t<\/div>\n\t\t<div class=\"elementor-element elementor-element-4d02f710 e-flex e-con-boxed e-con e-parent\" data-id=\"4d02f710\" data-element_type=\"container\" data-e-type=\"container\">\n\t\t\t\t\t<div class=\"e-con-inner\">\n\t\t\t\t<div class=\"elementor-element elementor-element-5fde59a adr-news elementor-widget elementor-widget-tp-blog-listout\" data-id=\"5fde59a\" data-element_type=\"widget\" data-e-type=\"widget\" data-widget_type=\"tp-blog-listout.default\">\n\t\t\t\t\t<div id=\"pt-plus-blog-post-list\" class=\"blog-list post69e20e017a782  list-isotope  blog-style-1 hover-image-style-1 \"  data-layout-type=\"fitRows\"   data-id=\"post69e20e017a782\" data-style=\"style-1\"  data-enable-isotope=\"1\"><div id=\"post69e20e017a782\" class=\"tp-row post-inner-loop post69e20e017a782 \"><div class=\"grid-item metro-item tp-col-lg-3 tp-col-md-6 tp-col-sm-12 tp-col-12 \"><article id=\"post-1696\" class=\"post-1696 post type-post status-publish format-standard has-post-thumbnail hentry category-aktualnosci\">\n\t<div class=\"blog-list-content\">\n\t\t\t\t<div class=\"post-content-image\">\n\t\t\t<a href=\"https:\/\/festiwaladr.pl\/index.php\/2026\/03\/04\/wkrotce-rusza-zapisy\/\">\n\t\t\t\t<div class=\"blog-featured-image\">\n<span class=\"thumb-wrap\">\n\t<img fetchpriority=\"high\" decoding=\"async\" width=\"700\" height=\"467\" src=\"https:\/\/festiwaladr.pl\/wp-content\/uploads\/2026\/01\/Wpis_wydarzenie.webp\" class=\"attachment-tp-image-grid size-tp-image-grid\" alt=\"\" \/><\/span>\n<\/div>\t\t\t<\/a>\n\t\t<\/div>\n\t\t\t\t<div class=\"post-content-bottom\">\n\t\t\t\t\t\t\t<div class=\"post-meta-info style-1\">\n\t\t\t\t\t<span class=\"meta-date\"><a href=\"https:\/\/festiwaladr.pl\/index.php\/2026\/03\/04\/wkrotce-rusza-zapisy\/\"><span class=\"entry-date\">2026-03-04<\/span><\/a><\/span>\n<\/a><\/span>\n\t\t\t\t\t<span>|<\/span> <span class=\"post-author\">\n\t\t\t\t\t\tBy  \n\t\t\t\t\t\t<a href=\"https:\/\/festiwaladr.pl\/index.php\/author\/fm_admin\/\" rel=\"author\" class=\"fn\">\n\t\t\t\t\t\tfm_admin\t\t\t<\/a><\/span>\n\t\t\t\t<\/div>\n\t\t\t\t<h3 class=\"post-title\">\n\t<a href=\"https:\/\/festiwaladr.pl\/index.php\/2026\/03\/04\/wkrotce-rusza-zapisy\/\">Wkr\u00f3tce rusz\u0105 zapisy!<\/a>\n<\/h3>\n\t\t\t<div class=\"post-hover-content\">\n\t\t\t\t\n<div class=\"entry-content\">\n\t<p>Tak! To ju\u017c niebawem Festiwal ADR nabiera kszta\u0142tu \u2014 program pierwszej edycji jest ju\u017c prawie domkni\u0119ty. Organizatorki oraz eksperci i [&hellip;]<\/p>\n<\/div>\n\t\t\t<\/div>\n\t\t<\/div>\n\t\t\t<\/div>\n<\/article>\n<\/div><div class=\"grid-item metro-item tp-col-lg-3 tp-col-md-6 tp-col-sm-12 tp-col-12 \"><article id=\"post-849\" class=\"post-849 post type-post status-publish format-standard has-post-thumbnail hentry category-aktualnosci\">\n\t<div class=\"blog-list-content\">\n\t\t\t\t<div class=\"post-content-image\">\n\t\t\t<a href=\"https:\/\/festiwaladr.pl\/index.php\/2026\/01\/25\/dzialamy\/\">\n\t\t\t\t<div class=\"blog-featured-image\">\n<span class=\"thumb-wrap\">\n\t<img fetchpriority=\"high\" decoding=\"async\" width=\"700\" height=\"467\" src=\"https:\/\/festiwaladr.pl\/wp-content\/uploads\/2026\/01\/Wpis_wydarzenie.webp\" class=\"attachment-tp-image-grid size-tp-image-grid\" alt=\"\" \/><\/span>\n<\/div>\t\t\t<\/a>\n\t\t<\/div>\n\t\t\t\t<div class=\"post-content-bottom\">\n\t\t\t\t\t\t\t<div class=\"post-meta-info style-1\">\n\t\t\t\t\t<span class=\"meta-date\"><a href=\"https:\/\/festiwaladr.pl\/index.php\/2026\/01\/25\/dzialamy\/\"><span class=\"entry-date\">2026-01-25<\/span><\/a><\/span>\n<\/a><\/span>\n\t\t\t\t\t<span>|<\/span> <span class=\"post-author\">\n\t\t\t\t\t\tBy  \n\t\t\t\t\t\t<a href=\"https:\/\/festiwaladr.pl\/index.php\/author\/fm_admin\/\" rel=\"author\" class=\"fn\">\n\t\t\t\t\t\tfm_admin\t\t\t<\/a><\/span>\n\t\t\t\t<\/div>\n\t\t\t\t<h3 class=\"post-title\">\n\t<a href=\"https:\/\/festiwaladr.pl\/index.php\/2026\/01\/25\/dzialamy\/\">Dzia\u0142amy! Program Festiwalu ADR w przygotowaniu<\/a>\n<\/h3>\n\t\t\t<div class=\"post-hover-content\">\n\t\t\t\t\n<div class=\"entry-content\">\n\t<p>Do 18 maja ju\u017c coraz bli\u017cej&#8230; Festiwal ADR ro\u015bnie w oczach \u2014 intensywnie pracujemy nad programem pierwszej edycji. Dopinamy modu\u0142y [&hellip;]<\/p>\n<\/div>\n\t\t\t<\/div>\n\t\t<\/div>\n\t\t\t<\/div>\n<\/article>\n<\/div><\/div><\/div>\t\t\t\t<\/div>\n\t\t\t\t\t<\/div>\n\t\t\t\t<\/div>\n\t\t\t\t<\/div>\n\t\t","protected":false},"excerpt":{"rendered":"<p>Zapoznaj si\u0119 z nasz\u0105 dzia\u0142alno\u015bci\u0105 Aktualno\u015bci 2026-01-25 | By fm_admin Test aktualno\u015bci<\/p>\n","protected":false},"author":1,"featured_media":0,"parent":0,"menu_order":0,"comment_status":"closed","ping_status":"closed","template":"","meta":{"_acf_changed":false,"site-sidebar-layout":"no-sidebar","site-content-layout":"","ast-site-content-layout":"full-width-container","site-content-style":"default","site-sidebar-style":"default","ast-global-header-display":"","ast-banner-title-visibility":"","ast-main-header-display":"","ast-hfb-above-header-display":"","ast-hfb-below-header-display":"","ast-hfb-mobile-header-display":"","site-post-title":"","ast-breadcrumbs-content":"","ast-featured-img":"disabled","footer-sml-layout":"","ast-disable-related-posts":"","theme-transparent-header-meta":"","adv-header-id-meta":"","stick-header-meta":"","header-above-stick-meta":"","header-main-stick-meta":"","header-below-stick-meta":"","astra-migrate-meta-layouts":"default","ast-page-background-enabled":"default","ast-page-background-meta":{"desktop":{"background-color":"var(--ast-global-color-5)","background-image":"","background-repeat":"repeat","background-position":"center center","background-size":"auto","background-attachment":"scroll","background-type":"","background-media":"","overlay-type":"","overlay-color":"","overlay-opacity":"","overlay-gradient":""},"tablet":{"background-color":"","background-image":"","background-repeat":"repeat","background-position":"center center","background-size":"auto","background-attachment":"scroll","background-type":"","background-media":"","overlay-type":"","overlay-color":"","overlay-opacity":"","overlay-gradient":""},"mobile":{"background-color":"","background-image":"","background-repeat":"repeat","background-position":"center center","background-size":"auto","background-attachment":"scroll","background-type":"","background-media":"","overlay-type":"","overlay-color":"","overlay-opacity":"","overlay-gradient":""}},"ast-content-background-meta":{"desktop":{"background-color":"var(--ast-global-color-4)","background-image":"","background-repeat":"repeat","background-position":"center center","background-size":"auto","background-attachment":"scroll","background-type":"","background-media":"","overlay-type":"","overlay-color":"","overlay-opacity":"","overlay-gradient":""},"tablet":{"background-color":"var(--ast-global-color-4)","background-image":"","background-repeat":"repeat","background-position":"center center","background-size":"auto","background-attachment":"scroll","background-type":"","background-media":"","overlay-type":"","overlay-color":"","overlay-opacity":"","overlay-gradient":""},"mobile":{"background-color":"var(--ast-global-color-4)","background-image":"","background-repeat":"repeat","background-position":"center center","background-size":"auto","background-attachment":"scroll","background-type":"","background-media":"","overlay-type":"","overlay-color":"","overlay-opacity":"","overlay-gradient":""}},"footnotes":""},"class_list":["post-576","page","type-page","status-publish","hentry"],"acf":[],"yoast_head":"<!-- This site is optimized with the Yoast SEO plugin v27.4 - https:\/\/yoast.com\/product\/yoast-seo-wordpress\/ -->\n<title>Relacja z poprzednich wydarze\u0144 - Festiwal ADR<\/title>\n<meta name=\"robots\" content=\"index, follow, max-snippet:-1, max-image-preview:large, max-video-preview:-1\" \/>\n<link rel=\"canonical\" href=\"https:\/\/festiwaladr.pl\/index.php\/relacja-z-poprzednich-wydarzen\/\" \/>\n<meta property=\"og:locale\" content=\"pl_PL\" \/>\n<meta property=\"og:type\" content=\"article\" \/>\n<meta property=\"og:title\" content=\"Relacja z poprzednich wydarze\u0144 - Festiwal ADR\" \/>\n<meta property=\"og:description\" content=\"Zapoznaj si\u0119 z nasz\u0105 dzia\u0142alno\u015bci\u0105 Aktualno\u015bci 2026-01-25 | By fm_admin Test aktualno\u015bci\" \/>\n<meta property=\"og:url\" content=\"https:\/\/festiwaladr.pl\/index.php\/relacja-z-poprzednich-wydarzen\/\" \/>\n<meta property=\"og:site_name\" content=\"Festiwal ADR\" \/>\n<meta property=\"article:modified_time\" content=\"2026-01-30T10:22:46+00:00\" \/>\n<meta property=\"og:image\" content=\"https:\/\/festiwaladr.pl\/wp-content\/uploads\/2026\/01\/Wpis_wydarzenie.webp\" \/>\n<meta name=\"twitter:card\" content=\"summary_large_image\" \/>\n<meta name=\"twitter:label1\" content=\"Szacowany czas czytania\" \/>\n\t<meta name=\"twitter:data1\" content=\"1 minuta\" \/>\n<script type=\"application\/ld+json\" class=\"yoast-schema-graph\">{\"@context\":\"https:\\\/\\\/schema.org\",\"@graph\":[{\"@type\":\"WebPage\",\"@id\":\"https:\\\/\\\/festiwaladr.pl\\\/index.php\\\/relacja-z-poprzednich-wydarzen\\\/\",\"url\":\"https:\\\/\\\/festiwaladr.pl\\\/index.php\\\/relacja-z-poprzednich-wydarzen\\\/\",\"name\":\"Relacja z poprzednich wydarze\u0144 - Festiwal ADR\",\"isPartOf\":{\"@id\":\"https:\\\/\\\/festiwaladr.pl\\\/#website\"},\"primaryImageOfPage\":{\"@id\":\"https:\\\/\\\/festiwaladr.pl\\\/index.php\\\/relacja-z-poprzednich-wydarzen\\\/#primaryimage\"},\"image\":{\"@id\":\"https:\\\/\\\/festiwaladr.pl\\\/index.php\\\/relacja-z-poprzednich-wydarzen\\\/#primaryimage\"},\"thumbnailUrl\":\"https:\\\/\\\/festiwaladr.pl\\\/wp-content\\\/uploads\\\/2026\\\/01\\\/Wpis_wydarzenie.webp\",\"datePublished\":\"2026-01-20T19:41:42+00:00\",\"dateModified\":\"2026-01-30T10:22:46+00:00\",\"breadcrumb\":{\"@id\":\"https:\\\/\\\/festiwaladr.pl\\\/index.php\\\/relacja-z-poprzednich-wydarzen\\\/#breadcrumb\"},\"inLanguage\":\"pl-PL\",\"potentialAction\":[{\"@type\":\"ReadAction\",\"target\":[\"https:\\\/\\\/festiwaladr.pl\\\/index.php\\\/relacja-z-poprzednich-wydarzen\\\/\"]}]},{\"@type\":\"ImageObject\",\"inLanguage\":\"pl-PL\",\"@id\":\"https:\\\/\\\/festiwaladr.pl\\\/index.php\\\/relacja-z-poprzednich-wydarzen\\\/#primaryimage\",\"url\":\"https:\\\/\\\/festiwaladr.pl\\\/wp-content\\\/uploads\\\/2026\\\/01\\\/Wpis_wydarzenie.webp\",\"contentUrl\":\"https:\\\/\\\/festiwaladr.pl\\\/wp-content\\\/uploads\\\/2026\\\/01\\\/Wpis_wydarzenie.webp\",\"width\":1536,\"height\":1024},{\"@type\":\"BreadcrumbList\",\"@id\":\"https:\\\/\\\/festiwaladr.pl\\\/index.php\\\/relacja-z-poprzednich-wydarzen\\\/#breadcrumb\",\"itemListElement\":[{\"@type\":\"ListItem\",\"position\":1,\"name\":\"Strona g\u0142\u00f3wna\",\"item\":\"https:\\\/\\\/festiwaladr.pl\\\/\"},{\"@type\":\"ListItem\",\"position\":2,\"name\":\"Relacja z poprzednich wydarze\u0144\"}]},{\"@type\":\"WebSite\",\"@id\":\"https:\\\/\\\/festiwaladr.pl\\\/#website\",\"url\":\"https:\\\/\\\/festiwaladr.pl\\\/\",\"name\":\"Festiwal ADR\",\"description\":\"\",\"publisher\":{\"@id\":\"https:\\\/\\\/festiwaladr.pl\\\/#organization\"},\"potentialAction\":[{\"@type\":\"SearchAction\",\"target\":{\"@type\":\"EntryPoint\",\"urlTemplate\":\"https:\\\/\\\/festiwaladr.pl\\\/?s={search_term_string}\"},\"query-input\":{\"@type\":\"PropertyValueSpecification\",\"valueRequired\":true,\"valueName\":\"search_term_string\"}}],\"inLanguage\":\"pl-PL\"},{\"@type\":\"Organization\",\"@id\":\"https:\\\/\\\/festiwaladr.pl\\\/#organization\",\"name\":\"Festiwal ADR\",\"url\":\"https:\\\/\\\/festiwaladr.pl\\\/\",\"logo\":{\"@type\":\"ImageObject\",\"inLanguage\":\"pl-PL\",\"@id\":\"https:\\\/\\\/festiwaladr.pl\\\/#\\\/schema\\\/logo\\\/image\\\/\",\"url\":\"https:\\\/\\\/festiwaladr.pl\\\/wp-content\\\/uploads\\\/2026\\\/01\\\/Festiwal-ADR.png\",\"contentUrl\":\"https:\\\/\\\/festiwaladr.pl\\\/wp-content\\\/uploads\\\/2026\\\/01\\\/Festiwal-ADR.png\",\"width\":1024,\"height\":1024,\"caption\":\"Festiwal ADR\"},\"image\":{\"@id\":\"https:\\\/\\\/festiwaladr.pl\\\/#\\\/schema\\\/logo\\\/image\\\/\"}}]}<\/script>\n<!-- \/ Yoast SEO plugin. -->","yoast_head_json":{"title":"Relacja z poprzednich wydarze\u0144 - Festiwal ADR","robots":{"index":"index","follow":"follow","max-snippet":"max-snippet:-1","max-image-preview":"max-image-preview:large","max-video-preview":"max-video-preview:-1"},"canonical":"https:\/\/festiwaladr.pl\/index.php\/relacja-z-poprzednich-wydarzen\/","og_locale":"pl_PL","og_type":"article","og_title":"Relacja z poprzednich wydarze\u0144 - Festiwal ADR","og_description":"Zapoznaj si\u0119 z nasz\u0105 dzia\u0142alno\u015bci\u0105 Aktualno\u015bci 2026-01-25 | By fm_admin Test aktualno\u015bci","og_url":"https:\/\/festiwaladr.pl\/index.php\/relacja-z-poprzednich-wydarzen\/","og_site_name":"Festiwal ADR","article_modified_time":"2026-01-30T10:22:46+00:00","og_image":[{"url":"https:\/\/festiwaladr.pl\/wp-content\/uploads\/2026\/01\/Wpis_wydarzenie.webp","type":"","width":"","height":""}],"twitter_card":"summary_large_image","twitter_misc":{"Szacowany czas czytania":"1 minuta"},"schema":{"@context":"https:\/\/schema.org","@graph":[{"@type":"WebPage","@id":"https:\/\/festiwaladr.pl\/index.php\/relacja-z-poprzednich-wydarzen\/","url":"https:\/\/festiwaladr.pl\/index.php\/relacja-z-poprzednich-wydarzen\/","name":"Relacja z poprzednich wydarze\u0144 - Festiwal ADR","isPartOf":{"@id":"https:\/\/festiwaladr.pl\/#website"},"primaryImageOfPage":{"@id":"https:\/\/festiwaladr.pl\/index.php\/relacja-z-poprzednich-wydarzen\/#primaryimage"},"image":{"@id":"https:\/\/festiwaladr.pl\/index.php\/relacja-z-poprzednich-wydarzen\/#primaryimage"},"thumbnailUrl":"https:\/\/festiwaladr.pl\/wp-content\/uploads\/2026\/01\/Wpis_wydarzenie.webp","datePublished":"2026-01-20T19:41:42+00:00","dateModified":"2026-01-30T10:22:46+00:00","breadcrumb":{"@id":"https:\/\/festiwaladr.pl\/index.php\/relacja-z-poprzednich-wydarzen\/#breadcrumb"},"inLanguage":"pl-PL","potentialAction":[{"@type":"ReadAction","target":["https:\/\/festiwaladr.pl\/index.php\/relacja-z-poprzednich-wydarzen\/"]}]},{"@type":"ImageObject","inLanguage":"pl-PL","@id":"https:\/\/festiwaladr.pl\/index.php\/relacja-z-poprzednich-wydarzen\/#primaryimage","url":"https:\/\/festiwaladr.pl\/wp-content\/uploads\/2026\/01\/Wpis_wydarzenie.webp","contentUrl":"https:\/\/festiwaladr.pl\/wp-content\/uploads\/2026\/01\/Wpis_wydarzenie.webp","width":1536,"height":1024},{"@type":"BreadcrumbList","@id":"https:\/\/festiwaladr.pl\/index.php\/relacja-z-poprzednich-wydarzen\/#breadcrumb","itemListElement":[{"@type":"ListItem","position":1,"name":"Strona g\u0142\u00f3wna","item":"https:\/\/festiwaladr.pl\/"},{"@type":"ListItem","position":2,"name":"Relacja z poprzednich wydarze\u0144"}]},{"@type":"WebSite","@id":"https:\/\/festiwaladr.pl\/#website","url":"https:\/\/festiwaladr.pl\/","name":"Festiwal ADR","description":"","publisher":{"@id":"https:\/\/festiwaladr.pl\/#organization"},"potentialAction":[{"@type":"SearchAction","target":{"@type":"EntryPoint","urlTemplate":"https:\/\/festiwaladr.pl\/?s={search_term_string}"},"query-input":{"@type":"PropertyValueSpecification","valueRequired":true,"valueName":"search_term_string"}}],"inLanguage":"pl-PL"},{"@type":"Organization","@id":"https:\/\/festiwaladr.pl\/#organization","name":"Festiwal ADR","url":"https:\/\/festiwaladr.pl\/","logo":{"@type":"ImageObject","inLanguage":"pl-PL","@id":"https:\/\/festiwaladr.pl\/#\/schema\/logo\/image\/","url":"https:\/\/festiwaladr.pl\/wp-content\/uploads\/2026\/01\/Festiwal-ADR.png","contentUrl":"https:\/\/festiwaladr.pl\/wp-content\/uploads\/2026\/01\/Festiwal-ADR.png","width":1024,"height":1024,"caption":"Festiwal ADR"},"image":{"@id":"https:\/\/festiwaladr.pl\/#\/schema\/logo\/image\/"}}]}},"_links":{"self":[{"href":"https:\/\/festiwaladr.pl\/index.php\/wp-json\/wp\/v2\/pages\/576","targetHints":{"allow":["GET"]}}],"collection":[{"href":"https:\/\/festiwaladr.pl\/index.php\/wp-json\/wp\/v2\/pages"}],"about":[{"href":"https:\/\/festiwaladr.pl\/index.php\/wp-json\/wp\/v2\/types\/page"}],"author":[{"embeddable":true,"href":"https:\/\/festiwaladr.pl\/index.php\/wp-json\/wp\/v2\/users\/1"}],"replies":[{"embeddable":true,"href":"https:\/\/festiwaladr.pl\/index.php\/wp-json\/wp\/v2\/comments?post=576"}],"version-history":[{"count":29,"href":"https:\/\/festiwaladr.pl\/index.php\/wp-json\/wp\/v2\/pages\/576\/revisions"}],"predecessor-version":[{"id":1008,"href":"https:\/\/festiwaladr.pl\/index.php\/wp-json\/wp\/v2\/pages\/576\/revisions\/1008"}],"wp:attachment":[{"href":"https:\/\/festiwaladr.pl\/index.php\/wp-json\/wp\/v2\/media?parent=576"}],"curies":[{"name":"wp","href":"https:\/\/api.w.org\/{rel}","templated":true}]}}